{"id":1715,"date":"2022-05-27T14:21:10","date_gmt":"2022-05-27T13:21:10","guid":{"rendered":"https:\/\/avionicsduino.com\/?page_id=1715"},"modified":"2025-09-26T21:58:25","modified_gmt":"2025-09-26T20:58:25","slug":"les-capteurs-de-temperature-des-moteurs-rotax","status":"publish","type":"page","link":"https:\/\/avionicsduino.com\/index.php\/fr\/les-capteurs-de-temperature-des-moteurs-rotax\/","title":{"rendered":"Les capteurs de temp\u00e9rature des moteurs Rotax"},"content":{"rendered":"\n<p style=\"font-size:10px\"><em>(Capteurs de temp\u00e9rature, page mise \u00e0 jour par Gabriel le 29\/05\/2022)<\/em><\/p>\n\n\n\n<h3 class=\"wp-block-heading\">La th\u00e9orie des capteurs de temp\u00e9rature<\/h3>\n\n\n\n<p>Les capteurs de temp\u00e9rature utilis\u00e9s dans nos avions (en particulier sur les <a href=\"https:\/\/www.flyrotax.com\/fr\" target=\"_blank\" rel=\"noreferrer noopener\" title=\"Rotax Aircraft Engines\">moteurs Rotax<\/a>) sont des thermistances compos\u00e9es d\u2019un mat\u00e9riau semiconducteur \u00e0 coefficient de temp\u00e9rature n\u00e9gatif (CTN).<\/p>\n\n\n\n<p><br>Cela veut dire que, contrairement aux m\u00e9taux, leur r\u00e9sistance diminue avec l\u2019augmentation de la temp\u00e9rature. Cette variation de r\u00e9sistance r\u00e9pond \u00e0 la <a href=\"https:\/\/fr.wikipedia.org\/wiki\/Relation_de_Steinhart-Hart\" target=\"_blank\" rel=\"noreferrer noopener\" title=\"Relation de Steinhart-Hart\">formule de Steinhart-Hart<\/a>, applicable aux semiconducteurs.<\/p>\n\n\n\n<p class=\"has-text-align-center\"><br>Formule de Steinhart-Hart : 1\/T = A + B*<em>Log(R) + C<\/em>*(Log(R))<sup>3<\/sup><br>(T = temp\u00e9rature absolue; R = r\u00e9sistance en ohms).<\/p>\n\n\n\n<h3 class=\"wp-block-heading\">Les capteurs concern\u00e9s par cette \u00e9tude<\/h3>\n\n\n\n<p>Les capteurs utilis\u00e9s sur les moteurs Rotax sont de marque VDO (fig. 1), calibr\u00e9s pour une temp\u00e9rature maximale de 150 \u00b0C (VDO 323-057). Si on met des capteurs sur le circuit d\u2019eau de refroidissement, on choisit plut\u00f4t les VDO calibr\u00e9s pour 120 \u00b0C (VDO 323-095).<\/p>\n\n\n\n<figure class=\"wp-block-image size-large\"><img loading=\"lazy\" decoding=\"async\" width=\"1024\" height=\"733\" src=\"https:\/\/avionicsduino.com\/wp-content\/uploads\/2022\/05\/CapteurTemperatureVDO-1024x733.jpg\" alt=\"Capteurs de temp\u00e9rature VDO\" class=\"wp-image-1716\" srcset=\"https:\/\/avionicsduino.com\/wp-content\/uploads\/2022\/05\/CapteurTemperatureVDO-1024x733.jpg 1024w, https:\/\/avionicsduino.com\/wp-content\/uploads\/2022\/05\/CapteurTemperatureVDO-300x215.jpg 300w, https:\/\/avionicsduino.com\/wp-content\/uploads\/2022\/05\/CapteurTemperatureVDO-768x550.jpg 768w, https:\/\/avionicsduino.com\/wp-content\/uploads\/2022\/05\/CapteurTemperatureVDO-1200x859.jpg 1200w, https:\/\/avionicsduino.com\/wp-content\/uploads\/2022\/05\/CapteurTemperatureVDO.jpg 1392w\" sizes=\"auto, (max-width: 709px) 85vw, (max-width: 909px) 67vw, (max-width: 1362px) 62vw, 840px\" \/><figcaption class=\"wp-element-caption\">Figure 1 : Capteur de temp\u00e9rature VDO.<\/figcaption><\/figure>\n\n\n\n<p>Ne trouvant pas d\u2019infos pr\u00e9cises sur leurs caract\u00e9ristiques, nous avons mesur\u00e9 la r\u00e9sistance de ces deux types de capteurs en fonction de la temp\u00e9rature, de 50\u00b0C \u00e0 150\u00b0C.<\/p>\n\n\n\n<h3 class=\"wp-block-heading\"><br>Mode op\u00e9ratoire<\/h3>\n\n\n\n<p>Le capteur \u00e0 \u00e9talonner est plong\u00e9 dans un r\u00e9cipient rempli d\u2019huile de p\u00e9pins de raisin qu\u2019on chauffe \u00e0 160\u00b0C (fig. 2). On laisse ensuite refroidir en remuant constamment pour homog\u00e9n\u00e9iser la temp\u00e9rature. Cette derni\u00e8re est mesur\u00e9e par un thermom\u00e8tre digital pr\u00e9alablement \u00e9talonn\u00e9 par rapport \u00e0 des thermom\u00e8tres de laboratoire \u00e0 mercure.<\/p>\n\n\n\n<figure class=\"wp-block-image size-large\"><img loading=\"lazy\" decoding=\"async\" width=\"882\" height=\"1024\" src=\"https:\/\/avionicsduino.com\/wp-content\/uploads\/2022\/05\/cocotteGabriel2-882x1024.jpg\" alt=\"\" class=\"wp-image-1753\" srcset=\"https:\/\/avionicsduino.com\/wp-content\/uploads\/2022\/05\/cocotteGabriel2-882x1024.jpg 882w, https:\/\/avionicsduino.com\/wp-content\/uploads\/2022\/05\/cocotteGabriel2-258x300.jpg 258w, https:\/\/avionicsduino.com\/wp-content\/uploads\/2022\/05\/cocotteGabriel2-768x891.jpg 768w, https:\/\/avionicsduino.com\/wp-content\/uploads\/2022\/05\/cocotteGabriel2.jpg 933w\" sizes=\"auto, (max-width: 709px) 85vw, (max-width: 909px) 67vw, (max-width: 1362px) 62vw, 840px\" \/><figcaption class=\"wp-element-caption\">Figure 2 : dispositif pour l&rsquo;\u00e9talonnage des capteurs de temp\u00e9rature.<\/figcaption><\/figure>\n\n\n\n<p><br>On note la r\u00e9sistance du capteur tous les 2 degr\u00e9s, ce qui donne la courbe ci-dessous (fig. 3).<\/p>\n\n\n\n<figure class=\"wp-block-image size-large\"><img loading=\"lazy\" decoding=\"async\" width=\"1024\" height=\"489\" src=\"https:\/\/avionicsduino.com\/wp-content\/uploads\/2022\/05\/CourbeGCYTemperaturef-Resistance-1024x489.jpg\" alt=\"\" class=\"wp-image-1740\" srcset=\"https:\/\/avionicsduino.com\/wp-content\/uploads\/2022\/05\/CourbeGCYTemperaturef-Resistance-1024x489.jpg 1024w, https:\/\/avionicsduino.com\/wp-content\/uploads\/2022\/05\/CourbeGCYTemperaturef-Resistance-300x143.jpg 300w, https:\/\/avionicsduino.com\/wp-content\/uploads\/2022\/05\/CourbeGCYTemperaturef-Resistance-768x367.jpg 768w, https:\/\/avionicsduino.com\/wp-content\/uploads\/2022\/05\/CourbeGCYTemperaturef-Resistance-1200x574.jpg 1200w, https:\/\/avionicsduino.com\/wp-content\/uploads\/2022\/05\/CourbeGCYTemperaturef-Resistance.jpg 1387w\" sizes=\"auto, (max-width: 709px) 85vw, (max-width: 909px) 67vw, (max-width: 1362px) 62vw, 840px\" \/><figcaption class=\"wp-element-caption\">Figure 3 : R\u00e9sultat de mesures. Courbe de r\u00e9sistance en fonction de la temp\u00e9rature d&rsquo;un capteur VDO 323-057 (150\u00b0C).<\/figcaption><\/figure>\n\n\n\n<p><a href=\"https:\/\/avionicsduino.com\/index.php\/fr\/ems-engine-monitoring-system\/\" title=\"EMS\">L\u2019EMS (Engine Monitoring System)<\/a> est l\u2019instrument qui affiche les param\u00e8tres moteur, et en particulier les temp\u00e9ratures. <\/p>\n\n\n\n<p>L\u2019EMS va d\u2019abord <a href=\"https:\/\/avionicsduino.com\/index.php\/fr\/la-mesure-des-resistances\/\" title=\"Mesure des r\u00e9sistances - Mesure des tensions\">mesurer la r\u00e9sistance<\/a> des divers capteurs puis calculer ensuite la temp\u00e9rature correspondante. Il faut donc d\u00e9terminer la formule exploitable par le microcontr\u00f4leur pour calculer ces temp\u00e9ratures.<\/p>\n\n\n\n<p>On pourrait utiliser pour cela la formule de Steinhart-Hart ci-dessus, mais la d\u00e9termination de ses coefficients A, B et C \u00e0 partir des mesures exp\u00e9rimentales n\u2019est pas ais\u00e9e.<\/p>\n\n\n\n<h3 class=\"wp-block-heading\">Mod\u00e9lisation math\u00e9matique<\/h3>\n\n\n\n<p>Il existe cependant une m\u00e9thode empirique donnant d\u2019excellents r\u00e9sultats : \u00e0 l\u2019aide d\u2019un tableur genre Excel, on reporte les points de mesure en coordonn\u00e9es semi-logarithmiques : Logarithme (n\u00e9p\u00e9rien) de la r\u00e9sistance en abscisses et temp\u00e9rature en ordonn\u00e9es (fig. 4).<\/p>\n\n\n\n<figure class=\"wp-block-image size-large\"><img loading=\"lazy\" decoding=\"async\" width=\"1024\" height=\"478\" src=\"https:\/\/avionicsduino.com\/wp-content\/uploads\/2022\/05\/CourbeExperimentaleCoordSemiLogCapteurTempVDOavecFormule-1024x478.jpg\" alt=\"\" class=\"wp-image-1748\" srcset=\"https:\/\/avionicsduino.com\/wp-content\/uploads\/2022\/05\/CourbeExperimentaleCoordSemiLogCapteurTempVDOavecFormule-1024x478.jpg 1024w, https:\/\/avionicsduino.com\/wp-content\/uploads\/2022\/05\/CourbeExperimentaleCoordSemiLogCapteurTempVDOavecFormule-300x140.jpg 300w, https:\/\/avionicsduino.com\/wp-content\/uploads\/2022\/05\/CourbeExperimentaleCoordSemiLogCapteurTempVDOavecFormule-768x358.jpg 768w, https:\/\/avionicsduino.com\/wp-content\/uploads\/2022\/05\/CourbeExperimentaleCoordSemiLogCapteurTempVDOavecFormule-1200x560.jpg 1200w, https:\/\/avionicsduino.com\/wp-content\/uploads\/2022\/05\/CourbeExperimentaleCoordSemiLogCapteurTempVDOavecFormule.jpg 1385w\" sizes=\"auto, (max-width: 709px) 85vw, (max-width: 909px) 67vw, (max-width: 1362px) 62vw, 840px\" \/><figcaption class=\"wp-element-caption\">Figure 4 : courbe exp\u00e9rimentale en coordonn\u00e9es semi-logarithmiques. M\u00eames points que la figure 3.<\/figcaption><\/figure>\n\n\n\n<p>La courbe prend alors l\u2019allure d\u2019une conique (polyn\u00f4me de degr\u00e9 2) dont Excel calcule la courbe de tendance (en pointill\u00e9) et sa formule donn\u00e9e sur le graphe (fig. 4). Il ne reste plus alors qu\u2019\u00e0 faire un changement de variable pour obtenir la formule recherch\u00e9e :<\/p>\n\n\n\n<p class=\"has-text-align-center\"><br>t = A*<em>Log(R)<sup>2<\/sup> + B<\/em> *Log(R) + C<\/p>\n\n\n\n<p>L\u2019exp\u00e9rience montre que les capteurs VDO-150 d\u2019une part, et les VDO-120 d\u2019autre part sont tr\u00e8s proches les uns des autres, ce qui justifie une formule unique pour chacun des deux types.<\/p>\n\n\n\n<p><br>En prenant la moyenne de plusieurs capteurs de chacun des deux types, on obtient donc les courbes et coefficients suivants (fig. 5 et tableau 1):<\/p>\n\n\n\n<figure class=\"wp-block-image size-large\"><img loading=\"lazy\" decoding=\"async\" width=\"1024\" height=\"592\" src=\"https:\/\/avionicsduino.com\/wp-content\/uploads\/2022\/05\/CourbesEtalonnageCapteursTemperatureVDO-1024x592.jpg\" alt=\"\" class=\"wp-image-1717\" srcset=\"https:\/\/avionicsduino.com\/wp-content\/uploads\/2022\/05\/CourbesEtalonnageCapteursTemperatureVDO-1024x592.jpg 1024w, https:\/\/avionicsduino.com\/wp-content\/uploads\/2022\/05\/CourbesEtalonnageCapteursTemperatureVDO-300x173.jpg 300w, https:\/\/avionicsduino.com\/wp-content\/uploads\/2022\/05\/CourbesEtalonnageCapteursTemperatureVDO-768x444.jpg 768w, https:\/\/avionicsduino.com\/wp-content\/uploads\/2022\/05\/CourbesEtalonnageCapteursTemperatureVDO-1536x888.jpg 1536w, https:\/\/avionicsduino.com\/wp-content\/uploads\/2022\/05\/CourbesEtalonnageCapteursTemperatureVDO-1200x694.jpg 1200w, https:\/\/avionicsduino.com\/wp-content\/uploads\/2022\/05\/CourbesEtalonnageCapteursTemperatureVDO.jpg 2000w\" sizes=\"auto, (max-width: 709px) 85vw, (max-width: 909px) 67vw, (max-width: 1362px) 62vw, 840px\" \/><figcaption class=\"wp-element-caption\">Figure 5 : Courbes de temp\u00e9rature en fonction de la r\u00e9sistance des 2 types de capteurs VDO.<\/figcaption><\/figure>\n\n\n\n<p><\/p>\n\n\n\n<figure class=\"wp-block-table\"><table><tbody><tr><td class=\"has-text-align-center\" data-align=\"center\"><\/td><td class=\"has-text-align-center\" data-align=\"center\">A<\/td><td class=\"has-text-align-center\" data-align=\"center\">B<\/td><td>C<\/td><\/tr><tr><td class=\"has-text-align-center\" data-align=\"center\">VDO-150<\/td><td class=\"has-text-align-center\" data-align=\"center\">3,193<\/td><td class=\"has-text-align-center\" data-align=\"center\">-61,72<\/td><td>302,2<\/td><\/tr><tr><td class=\"has-text-align-center\" data-align=\"center\">VDO-120<\/td><td class=\"has-text-align-center\" data-align=\"center\">-0,796<\/td><td class=\"has-text-align-center\" data-align=\"center\">-20,39<\/td><td>178,8<\/td><\/tr><\/tbody><\/table><figcaption class=\"wp-element-caption\">Tableau 1 : Coefficients de la formule : t = A*Log(R)<sup>2<\/sup> + B *Log(R) + C pour les 2 types de capteurs.<\/figcaption><\/figure>\n","protected":false},"excerpt":{"rendered":"<p>(Capteurs de temp\u00e9rature, page mise \u00e0 jour par Gabriel le 29\/05\/2022) La th\u00e9orie des capteurs de temp\u00e9rature Les capteurs de temp\u00e9rature utilis\u00e9s dans nos avions (en particulier sur les moteurs Rotax) sont des thermistances compos\u00e9es d\u2019un mat\u00e9riau semiconducteur \u00e0 coefficient de temp\u00e9rature n\u00e9gatif (CTN). Cela veut dire que, contrairement aux m\u00e9taux, leur r\u00e9sistance diminue avec &hellip; <a href=\"https:\/\/avionicsduino.com\/index.php\/fr\/les-capteurs-de-temperature-des-moteurs-rotax\/\" class=\"more-link\">Continuer la lecture<span class=\"screen-reader-text\"> de &laquo;&nbsp;Les capteurs de temp\u00e9rature des moteurs Rotax&nbsp;&raquo;<\/span><\/a><\/p>\n","protected":false},"author":1,"featured_media":0,"parent":0,"menu_order":0,"comment_status":"open","ping_status":"closed","template":"","meta":{"om_disable_all_campaigns":false,"_monsterinsights_skip_tracking":false,"_monsterinsights_sitenote_active":false,"_monsterinsights_sitenote_note":"","_monsterinsights_sitenote_category":0,"footnotes":""},"class_list":["post-1715","page","type-page","status-publish","hentry"],"aioseo_notices":[],"_links":{"self":[{"href":"https:\/\/avionicsduino.com\/index.php\/wp-json\/wp\/v2\/pages\/1715","targetHints":{"allow":["GET"]}}],"collection":[{"href":"https:\/\/avionicsduino.com\/index.php\/wp-json\/wp\/v2\/pages"}],"about":[{"href":"https:\/\/avionicsduino.com\/index.php\/wp-json\/wp\/v2\/types\/page"}],"author":[{"embeddable":true,"href":"https:\/\/avionicsduino.com\/index.php\/wp-json\/wp\/v2\/users\/1"}],"replies":[{"embeddable":true,"href":"https:\/\/avionicsduino.com\/index.php\/wp-json\/wp\/v2\/comments?post=1715"}],"version-history":[{"count":26,"href":"https:\/\/avionicsduino.com\/index.php\/wp-json\/wp\/v2\/pages\/1715\/revisions"}],"predecessor-version":[{"id":5032,"href":"https:\/\/avionicsduino.com\/index.php\/wp-json\/wp\/v2\/pages\/1715\/revisions\/5032"}],"wp:attachment":[{"href":"https:\/\/avionicsduino.com\/index.php\/wp-json\/wp\/v2\/media?parent=1715"}],"curies":[{"name":"wp","href":"https:\/\/api.w.org\/{rel}","templated":true}]}}