{"id":3967,"date":"2024-02-13T15:45:09","date_gmt":"2024-02-13T14:45:09","guid":{"rendered":"https:\/\/avionicsduino.com\/?page_id=3967"},"modified":"2026-02-15T11:54:30","modified_gmt":"2026-02-15T10:54:30","slug":"conseils_pour_les_commentaires","status":"publish","type":"page","link":"https:\/\/avionicsduino.com\/index.php\/fr\/conseils_pour_les_commentaires\/","title":{"rendered":"Conseils pour les commentaires"},"content":{"rendered":"\n<p style=\"font-size:10px\">(Page mise \u00e0 jour par Benjamin le 10 mars 2024)<\/p>\n\n\n\n<p>Les commentaires permettent aux visiteurs de donner leur avis, de poser des questions, d\u2019exposer des difficult\u00e9s, de partager des exp\u00e9riences. Ils ajoutent beaucoup d\u2019int\u00e9r\u00eat au site. Il est donc conseill\u00e9 de les lire en compl\u00e9ment des pages. Le site est bilingue fran\u00e7ais-anglais, il est conseill\u00e9 d&rsquo;aller lire les commentaires dans les deux langues. Ils sont bien s\u00fbr diff\u00e9rents. Gr\u00e2ce aux options de traduction des navigateurs Internet, la barri\u00e8re de la langue n\u2019est plus un obstacle.<\/p>\n\n\n\n<h6 class=\"wp-block-heading\">Enregistrement<\/h6>\n\n\n\n<p>Pour l\u2019instant, il n\u2019est pas n\u00e9cessaire de s\u2019enregistre sur le site avec un identifiant et un mot de passe pour d\u00e9poser un commentaire.<\/p>\n\n\n\n<h6 class=\"wp-block-heading\">Spams<\/h6>\n\n\n\n<p>Les sites Internet sont une proie facile pour les spammeurs, pirates et autres escrocs en ligne. Heureusement, les h\u00e9bergeurs de site et les syst\u00e8mes modernes de gestion de contenu (<a href=\"https:\/\/fr.wordpress.org\/\" target=\"_blank\" rel=\"noopener\" title=\"WordPress\">WordPress <\/a>pour le site AvionicsDuino) y veillent. L\u2019immense majorit\u00e9, sinon la quasi-totalit\u00e9 des commentaires ind\u00e9sirables sont \u00e9limin\u00e9s sans m\u00eame \u00eatre pr\u00e9sent\u00e9s au mod\u00e9rateur pour approbation.<\/p>\n\n\n<div class=\"wp-block-image\">\n<figure class=\"aligncenter size-medium\"><img loading=\"lazy\" decoding=\"async\" width=\"300\" height=\"283\" src=\"https:\/\/avionicsduino.com\/wp-content\/uploads\/2024\/02\/spam-300x283.png\" alt=\"\" class=\"wp-image-3986\" srcset=\"https:\/\/avionicsduino.com\/wp-content\/uploads\/2024\/02\/spam-300x283.png 300w, https:\/\/avionicsduino.com\/wp-content\/uploads\/2024\/02\/spam.png 460w\" sizes=\"auto, (max-width: 300px) 85vw, 300px\" \/><\/figure>\n<\/div>\n\n\n<p>Sur le site AvionicsDuino, tous les commentaires passent donc d\u2019abord par le filtre de WordPress. Pour passer ce premier filtre, il est conseill\u00e9 en tout premier lieu de ne pas mettre de trop nombreux liens dans les commentaires. En effet, un point commun des commentaires ind\u00e9sirables est souvent d\u2019en contenir beaucoup. Des commentaires totalement hors sujet sont \u00e9galement tr\u00e8s suspects, et souvent rejet\u00e9s.<\/p>\n\n\n\n<h6 class=\"wp-block-heading\">Approbation par le mod\u00e9rateur<\/h6>\n\n\n\n<p>Les commentaires qui passent avec succ\u00e8s ce premier filtre sont ensuite syst\u00e9matiquement soumis \u00e0 l\u2019approbation du mod\u00e9rateur. Ce dernier essaye d\u2019\u00eatre r\u00e9actif, mais il lui arrive d\u2019\u00eatre momentan\u00e9ment indisponible. N\u00e9anmoins, il est quand m\u00eame rare que l\u2019approbation et la mise en ligne d\u2019un commentaire n\u00e9cessitent plus de 48h. Depuis peu, les visiteurs sont avertis par mail d\u00e8s que leur commentaire est en ligne.<\/p>\n\n\n\n<p>Il est exceptionnel qu\u2019un commentaire soit rejet\u00e9 par le mod\u00e9rateur, mais cela pourrait se produire en cas de commentaires trop mal \u00e9crits, confus, mensongers, diffamatoires, vulgaires, hors sujet ou au contenu agressif, argotique ou trop familier.<\/p>\n\n\n\n<h6 class=\"wp-block-heading\">Pi\u00e8ces jointes<\/h6>\n\n\n\n<p>Toutes les pages de ce site sont d\u00e9sormais ouvertes aux commentaires, ce qui n\u2019a pas toujours \u00e9t\u00e9 le cas. Depuis peu, les visiteurs peuvent joindre des pi\u00e8ces attach\u00e9es \u00e0 leurs commentaires. Pour l\u2019instant, seules les images au format JPG ou PNG sont accept\u00e9es, de m\u00eame que les documents au format PDF ou TXT et les archives ZIP. Les images et autres fichiers joints sont des outils puissants pour stimuler l\u2019engagement des visiteurs, il ne faut donc pas h\u00e9siter \u00e0 utiliser ce moyen pour appuyer vos commentaires, susciter des discussions, ou partager vos r\u00e9alisations. Merci de limiter autant que possible la taille des pi\u00e8ces jointes car la place disponible sur notre serveur n&rsquo;est pas extensible \u00e0 l&rsquo;infini (taille maximale : 5 Mb).<\/p>\n\n\n\n<h6 class=\"wp-block-heading\">Contacts<\/h6>\n\n\n\n<p>Pour l\u2019instant, le site AvionicsDuino ne comporte pas de forum. Les visiteurs ne peuvent donc pas communiquer directement entre eux par un syst\u00e8me de messages priv\u00e9s comme le proposent beaucoup de forums. Le mod\u00e9rateur est le seul \u00e0 avoir connaissance des adresses mails des visiteurs.<\/p>\n\n\n\n<p>Le site AvionicsDuino ne poss\u00e8de pas d\u2019adresse mail de type contact@avionicsduino.com pour deux raisons principales : susciter le maximum de commentaires publics, tr\u00e8s utiles \u00e0 l\u2019ensemble des visiteurs du site, et \u00e9viter la surcharge ou la dispersion d\u2019activit\u00e9s au mod\u00e9rateur qui aurait \u00e0 r\u00e9pondre \u00e0 de nombreuses demandes individuelles. Dans des cas tr\u00e8s particuliers et exceptionnels, le mod\u00e9rateur a cependant la possibilit\u00e9 d\u2019entrer en contact direct avec un visiteur.<\/p>\n\n\n<div class=\"wp-block-image\">\n<figure class=\"aligncenter size-full\"><img loading=\"lazy\" decoding=\"async\" width=\"270\" height=\"175\" src=\"https:\/\/avionicsduino.com\/wp-content\/uploads\/2024\/02\/surchargeTravail.png\" alt=\"\" class=\"wp-image-3984\"\/><\/figure>\n<\/div>","protected":false},"excerpt":{"rendered":"<p>(Page mise \u00e0 jour par Benjamin le 10 mars 2024) Les commentaires permettent aux visiteurs de donner leur avis, de poser des questions, d\u2019exposer des difficult\u00e9s, de partager des exp\u00e9riences. Ils ajoutent beaucoup d\u2019int\u00e9r\u00eat au site. Il est donc conseill\u00e9 de les lire en compl\u00e9ment des pages. Le site est bilingue fran\u00e7ais-anglais, il est conseill\u00e9 &hellip; <a href=\"https:\/\/avionicsduino.com\/index.php\/fr\/conseils_pour_les_commentaires\/\" class=\"more-link\">Continuer la lecture<span class=\"screen-reader-text\"> de &laquo;&nbsp;Conseils pour les commentaires&nbsp;&raquo;<\/span><\/a><\/p>\n","protected":false},"author":1,"featured_media":0,"parent":0,"menu_order":0,"comment_status":"closed","ping_status":"closed","template":"","meta":{"om_disable_all_campaigns":false,"_monsterinsights_skip_tracking":false,"_monsterinsights_sitenote_active":false,"_monsterinsights_sitenote_note":"","_monsterinsights_sitenote_category":0,"footnotes":""},"class_list":["post-3967","page","type-page","status-publish","hentry"],"aioseo_notices":[],"_links":{"self":[{"href":"https:\/\/avionicsduino.com\/index.php\/wp-json\/wp\/v2\/pages\/3967","targetHints":{"allow":["GET"]}}],"collection":[{"href":"https:\/\/avionicsduino.com\/index.php\/wp-json\/wp\/v2\/pages"}],"about":[{"href":"https:\/\/avionicsduino.com\/index.php\/wp-json\/wp\/v2\/types\/page"}],"author":[{"embeddable":true,"href":"https:\/\/avionicsduino.com\/index.php\/wp-json\/wp\/v2\/users\/1"}],"replies":[{"embeddable":true,"href":"https:\/\/avionicsduino.com\/index.php\/wp-json\/wp\/v2\/comments?post=3967"}],"version-history":[{"count":14,"href":"https:\/\/avionicsduino.com\/index.php\/wp-json\/wp\/v2\/pages\/3967\/revisions"}],"predecessor-version":[{"id":4121,"href":"https:\/\/avionicsduino.com\/index.php\/wp-json\/wp\/v2\/pages\/3967\/revisions\/4121"}],"wp:attachment":[{"href":"https:\/\/avionicsduino.com\/index.php\/wp-json\/wp\/v2\/media?parent=3967"}],"curies":[{"name":"wp","href":"https:\/\/api.w.org\/{rel}","templated":true}]}}