{"id":46,"date":"2021-07-01T21:36:16","date_gmt":"2021-07-01T20:36:16","guid":{"rendered":"https:\/\/avionicsduino.com\/?page_id=46"},"modified":"2025-09-26T20:52:51","modified_gmt":"2025-09-26T19:52:51","slug":"lavionique-open-source","status":"publish","type":"page","link":"https:\/\/avionicsduino.com\/index.php\/fr\/","title":{"rendered":"L&rsquo;avionique \u00ab\u00a0open source\u00a0\u00bb"},"content":{"rendered":"\n<p style=\"font-size:10px\"><em>(Page mise \u00e0 jour le 28 ao\u00fbt 2024)<\/em><\/p>\n\n\n\n<p class=\"justification_texte\">L&rsquo;avionique regroupe l&rsquo;ensemble des dispositifs \u00e9lectroniques et\/ou informatiques pr\u00e9sents dans un a\u00e9ronef. Cela va des syst\u00e8mes de radio communication aux instruments de surveillance de la motorisation, en passant par les instruments de navigation, le pilote automatique, l&rsquo;anticollision, la surveillance des param\u00e8tres de vol, la gestion des capteurs et actionneurs\u2026 etc. En aviation certifi\u00e9e, l&rsquo;ensemble de ces syst\u00e8mes est enti\u00e8rement clos, con\u00e7u, install\u00e9 et entretenu par des professionnels eux-m\u00eames certifi\u00e9s. Aucune intervention ou modification n&rsquo;est autoris\u00e9e en dehors de ce cadre professionnel.<\/p>\n\n\n\n<p class=\"justification_texte\">Dans le domaine de la construction amateur, des avions exp\u00e9rimentaux et des ultra-l\u00e9gers, la r\u00e9glementation est plus souple. Le principe de base est la responsabilit\u00e9 individuelle du propri\u00e9taire et\/ou du pilote. Cela n&rsquo;exon\u00e8re pas ce dernier de l&rsquo;obligation de respecter les r\u00e8gles de l&rsquo;art et le suivi de navigabilit\u00e9. Mais cela permet au constructeur amateur, au pilote ou au propri\u00e9taire d&rsquo;intervenir lui-m\u00eame sur l&rsquo;avionique. Quelques syst\u00e8mes affectant la s\u00e9curit\u00e9 des espaces a\u00e9riens, comme la VHF et le transpondeur, restent cependant clos et supervis\u00e9s par les autorit\u00e9s.<\/p>\n\n\n\n<h3 class=\"wp-block-heading\">Un site pour qui ?<\/h3>\n\n\n\n<p class=\"justification_texte\">Ce site s&rsquo;adresse donc \u00e0 tous les propri\u00e9taires et\/ou pilotes et\/ou constructeurs d&rsquo;engins non certifi\u00e9s, passionn\u00e9s d&rsquo;\u00e9lectronique et\/ou d&rsquo;informatique. \u00c0 ceux qui souhaitent en savoir plus et partager sur l&rsquo;avionique \u00e0 architecture mat\u00e9rielle et logicielle libre. \u00c0 ceux qui r\u00eavent d&rsquo;une avionique \u00e0 concevoir, construire, programmer, installer et exploiter soi-m\u00eame, sous sa propre responsabilit\u00e9. Le seul pr\u00e9requis est de poss\u00e9der un fer \u00e0 souder !<\/p>\n\n\n\n<h3 class=\"wp-block-heading\"><strong>Comment est-ce possible<\/strong> <strong>?<\/strong><\/h3>\n\n\n\n<p class=\"justification_texte\">Ce d\u00e9fi a \u00e9t\u00e9 rendu possible gr\u00e2ce \u00e0 l&rsquo;apparition sur le march\u00e9 de cartes \u00e9lectroniques \u00e9conomiques, \u00e9quip\u00e9es de microcontr\u00f4leurs performants. Ces cartes sont faciles \u00e0 ma\u00eetriser par n&rsquo;importe quel passionn\u00e9, gr\u00e2ce \u00e0 un \u00e9cosyst\u00e8me logiciel \u00ab\u00a0open source\u00a0\u00bb particuli\u00e8rement simple. La seule limite est donc la passion ! <\/p>\n\n\n\n<p class=\"justification_texte\">Le <a href=\"https:\/\/www.arduino.cc\/en\/Guide\/Introduction\" title=\"Le projet Arduino\">projet Arduino<\/a>, qui date de 2005, a \u00e9t\u00e9 d\u00e9terminant pour rendre le monde des microcontr\u00f4leurs facilement accessible \u00e0 des non-professionnels. Il permet, pour un co\u00fbt insignifiant, de mettre au point des dispositifs complexes et performants associant des capteurs et\/ou des actuateurs. Comme un robot, une centrale domotique ou\u2026 un horizon artificiel !<\/p>\n\n\n\n<p class=\"justification_texte\">Nous allons voir que les cartes Arduino ne sont pas les seules, ni les plus adapt\u00e9es aux besoins de l&rsquo;avionique. N\u00e9anmoins, leur c\u00e9l\u00e9brit\u00e9 et leur ant\u00e9riorit\u00e9 justifiaient le nom de domaine de ce site : avionicsduino.<\/p>\n\n\n\n<h3 class=\"wp-block-heading\"><strong>But du site<\/strong><\/h3>\n\n\n\n<p class=\"justification_texte\">Le but principal du site est donc de pr\u00e9senter les circuits et les logiciels de syst\u00e8mes avioniques qui r\u00e9pondent \u00e0 ce cahier des charges : <\/p>\n\n\n\n<ul class=\"wp-block-list justification_texte\">\n<li>Tout un chacun peut les construire et les programmer en partant de bases \u00e9l\u00e9mentaires.<\/li>\n\n\n\n<li>Ils sont \u00e9conomiques, leur prix de revient doit \u00eatre tr\u00e8s inf\u00e9rieur \u00e0 celui de syst\u00e8mes commerciaux \u00e9quivalents.<\/li>\n\n\n\n<li>Ces syst\u00e8mes fonctionnent vraiment, c&rsquo;est-\u00e0-dire qu&rsquo;ils ont \u00e9t\u00e9 test\u00e9s en vol.<\/li>\n<\/ul>\n\n\n\n<p>Ce site a \u00e9galement pour but de pr\u00e9senter des articles plus g\u00e9n\u00e9raux sur les microcontr\u00f4leurs, des tests, des projets de r\u00e9alisations en cours, toujours dans le domaine de l&rsquo;avionique et de l&rsquo;aviation.<\/p>\n\n\n\n<p class=\"justification_texte\">Le concept d&rsquo;avionique \u00ab\u00a0libre\u00a0\u00bb permet de construire des syst\u00e8mes hautement personnalis\u00e9s, performants, beaucoup plus \u00e9conomiques que l&rsquo;avionique certifi\u00e9e, tout en apprenant \u00e9norm\u00e9ment, et en s&rsquo;amusant ! La passion n&rsquo;excluant pas la raison, il revient au responsable de la navigabilit\u00e9 de l&rsquo;a\u00e9ronef de s&rsquo;assurer que ses r\u00e9alisations ne compromettent pas la s\u00e9curit\u00e9 et ne contreviennent pas \u00e0 la r\u00e9glementation. <span style=\"box-sizing: border-box; margin: 0px; padding: 0px;\">Voir\u00a0<a href=\"https:\/\/avionicsduino.com\/index.php\/fr\/lavionique-open-source\/instruments-en-vfr-de-jour-la-reglementation-en-france\/\" target=\"_blank\">cette page<\/a>\u00a0pour la r\u00e9glementation en France, celles d&rsquo;autres pays comme les USA et le Royaume-Uni sont assez voisines.<\/span> Ce sont des pays o\u00f9 la construction amateur est bien d\u00e9velopp\u00e9e.<\/p>\n\n\n\n<p class=\"justification_texte\">Il est utile de rappeler ici que ces syst\u00e8mes sont \u00e0 r\u00e9aliser soi-m\u00eame, qu&rsquo;il ne faut pas les utiliser pour la conduite d&rsquo;un vol comme s&rsquo;il s&rsquo;agissait de syst\u00e8mes certifi\u00e9s, qu&rsquo;ils doivent \u00eatre test\u00e9s par leur constructeur pour en \u00e9valuer les performances, qu&rsquo;ils doivent toujours \u00eatre utilis\u00e9s en sus des instruments r\u00e8glementaires, qu&rsquo;ils ne doivent pas entra\u00eener une modification majeure de l&rsquo;a\u00e9ronef, laquelle pourrait n\u00e9cessiter un avis de l&rsquo;administration, et qu&rsquo;il n&rsquo;y a aucune garantie sur la pr\u00e9cision et la fiabilit\u00e9 de ces syst\u00e8mes, autre que celle \u00e9valu\u00e9e par le constructeur, sous sa responsabilit\u00e9. Il est \u00e9vident que le vol en condition IMC, l&rsquo;IFR et le VFR de nuit sont exclus du champ d&rsquo;application de ces syst\u00e8mes. Seul le VFR de jour est envisageable, avec des instruments de secours adapt\u00e9s permettant de poursuivre normalement le vol en cas de d\u00e9faillance de ces syst\u00e8mes.<\/p>\n\n\n\n<p>Les informations, logiciels et mat\u00e9riels pr\u00e9sents sur ce site sont soumis \u00e0 une <a href=\"https:\/\/avionicsduino.com\/index.php\/fr\/clause-de-non-responsabilite-et-droit-dauteur\/\" title=\"Clause de non responsabilit\u00e9 - Droits d'auteur\">clause de non-responsabilit\u00e9 et \u00e0 un avis de droits d&rsquo;auteur<\/a>.<\/p>\n\n\n\n<h3 class=\"wp-block-heading\"><strong>Les auteurs<\/strong><\/h3>\n\n\n\n<p class=\"justification_texte\">Ils ne sont ni professionnels de l&rsquo;a\u00e9ronautique, ni \u00e9lectroniciens, ni informaticiens. Ils sont pilotes priv\u00e9s et constructeurs amateurs de leurs avions (trois MCR Sportster), anim\u00e9s par la m\u00eame passion de l&rsquo;\u00e9lectronique et de l&rsquo;informatique.<\/p>\n\n\n<div class=\"wp-block-image\">\n<figure class=\"aligncenter size-large\"><img loading=\"lazy\" decoding=\"async\" width=\"1024\" height=\"364\" src=\"https:\/\/avionicsduino.com\/wp-content\/uploads\/2021\/07\/MCRSportster-1024x364.jpg\" alt=\"\" class=\"wp-image-253\" srcset=\"https:\/\/avionicsduino.com\/wp-content\/uploads\/2021\/07\/MCRSportster-1024x364.jpg 1024w, https:\/\/avionicsduino.com\/wp-content\/uploads\/2021\/07\/MCRSportster-300x107.jpg 300w, https:\/\/avionicsduino.com\/wp-content\/uploads\/2021\/07\/MCRSportster-768x273.jpg 768w, https:\/\/avionicsduino.com\/wp-content\/uploads\/2021\/07\/MCRSportster-1200x426.jpg 1200w, https:\/\/avionicsduino.com\/wp-content\/uploads\/2021\/07\/MCRSportster.jpg 1362w\" sizes=\"auto, (max-width: 709px) 85vw, (max-width: 909px) 67vw, (max-width: 1362px) 62vw, 840px\" \/><figcaption class=\"wp-element-caption\">MCR Sportster<\/figcaption><\/figure>\n<\/div>","protected":false},"excerpt":{"rendered":"<p>(Page mise \u00e0 jour le 28 ao\u00fbt 2024) L&rsquo;avionique regroupe l&rsquo;ensemble des dispositifs \u00e9lectroniques et\/ou informatiques pr\u00e9sents dans un a\u00e9ronef. Cela va des syst\u00e8mes de radio communication aux instruments de surveillance de la motorisation, en passant par les instruments de navigation, le pilote automatique, l&rsquo;anticollision, la surveillance des param\u00e8tres de vol, la gestion des capteurs &hellip; <a href=\"https:\/\/avionicsduino.com\/index.php\/fr\/\" class=\"more-link\">Continuer la lecture<span class=\"screen-reader-text\"> de &laquo;&nbsp;L&rsquo;avionique \u00ab\u00a0open source\u00a0\u00bb&nbsp;&raquo;<\/span><\/a><\/p>\n","protected":false},"author":1,"featured_media":0,"parent":0,"menu_order":0,"comment_status":"open","ping_status":"closed","template":"","meta":{"om_disable_all_campaigns":false,"_monsterinsights_skip_tracking":false,"_monsterinsights_sitenote_active":false,"_monsterinsights_sitenote_note":"","_monsterinsights_sitenote_category":0,"footnotes":""},"class_list":["post-46","page","type-page","status-publish","hentry"],"aioseo_notices":[],"_links":{"self":[{"href":"https:\/\/avionicsduino.com\/index.php\/wp-json\/wp\/v2\/pages\/46","targetHints":{"allow":["GET"]}}],"collection":[{"href":"https:\/\/avionicsduino.com\/index.php\/wp-json\/wp\/v2\/pages"}],"about":[{"href":"https:\/\/avionicsduino.com\/index.php\/wp-json\/wp\/v2\/types\/page"}],"author":[{"embeddable":true,"href":"https:\/\/avionicsduino.com\/index.php\/wp-json\/wp\/v2\/users\/1"}],"replies":[{"embeddable":true,"href":"https:\/\/avionicsduino.com\/index.php\/wp-json\/wp\/v2\/comments?post=46"}],"version-history":[{"count":44,"href":"https:\/\/avionicsduino.com\/index.php\/wp-json\/wp\/v2\/pages\/46\/revisions"}],"predecessor-version":[{"id":5011,"href":"https:\/\/avionicsduino.com\/index.php\/wp-json\/wp\/v2\/pages\/46\/revisions\/5011"}],"wp:attachment":[{"href":"https:\/\/avionicsduino.com\/index.php\/wp-json\/wp\/v2\/media?parent=46"}],"curies":[{"name":"wp","href":"https:\/\/api.w.org\/{rel}","templated":true}]}}