{"id":4761,"date":"2024-08-28T16:13:28","date_gmt":"2024-08-28T15:13:28","guid":{"rendered":"https:\/\/avionicsduino.com\/?page_id=4761"},"modified":"2024-08-28T17:15:29","modified_gmt":"2024-08-28T16:15:29","slug":"clause-de-non-responsabilite-et-droit-dauteur","status":"publish","type":"page","link":"https:\/\/avionicsduino.com\/index.php\/fr\/clause-de-non-responsabilite-et-droit-dauteur\/","title":{"rendered":"Clause de non-responsabilit\u00e9 et droits d&rsquo;auteur."},"content":{"rendered":"\n<p style=\"font-size:10px\">(Clause de non-responsabilit\u00e9 et droits d&rsquo;auteur. Derni\u00e8re mise \u00e0 jour par Benjamin le 28 ao\u00fbt 2024)<\/p>\n\n\n\n<p>En utilisant <a href=\"https:\/\/avionicsduino.com\/index.php\/fr\/\" title=\"Page d'accueil\">ce site<\/a>, en t\u00e9l\u00e9chargeant et en utilisant des logiciels ou en t\u00e9l\u00e9chargeant et en utilisant des fichiers de conception de mat\u00e9riel, le lecteur en assume l&rsquo;enti\u00e8re responsabilit\u00e9, en toutes circonstances et pour toutes les cons\u00e9quences possibles. Aucune garantie d&rsquo;aucune sorte n&rsquo;est accord\u00e9e ou implicite.<\/p>\n\n\n\n<p>Tous les logiciels fournis sont gratuits et open source, ils sont t\u00e9l\u00e9chargeables sur GitHub sous <a href=\"https:\/\/choosealicense.com\/licenses\/mit\/\" target=\"_blank\" rel=\"noopener\" title=\"Licence MIT\">licence MIT<\/a>.<\/p>\n\n\n\n<p>Tous les fichiers de conception des circuits imprim\u00e9s (\u00e9galement gratuits et open source) ainsi que les circuits imprim\u00e9s eux-m\u00eames sont sous <a href=\"https:\/\/ohwr.org\/project\/cernohl\/-\/wikis\/uploads\/f773df342791cc55b35ac4f907c78602\/cern_ohl_w_v2.pdf\" target=\"_blank\" rel=\"noopener\" title=\"Licence CERN-OHL-W\">licence CERN-OHL-W v2<\/a>. Le guide d&rsquo;utilisation de cette licence est t\u00e9l\u00e9chargeable <a href=\"https:\/\/ohwr.org\/project\/cernohl\/-\/wikis\/uploads\/c2e5e9d297949b5c2d324a6cbf6adda0\/cern_ohl_w_v2_howto.pdf\" target=\"_blank\" rel=\"noopener\" title=\"Guide de la licence CERN-OHL-W\">ici<\/a>.<\/p>\n\n\n\n<p><\/p>\n","protected":false},"excerpt":{"rendered":"<p>(Clause de non-responsabilit\u00e9 et droits d&rsquo;auteur. Derni\u00e8re mise \u00e0 jour par Benjamin le 28 ao\u00fbt 2024) En utilisant ce site, en t\u00e9l\u00e9chargeant et en utilisant des logiciels ou en t\u00e9l\u00e9chargeant et en utilisant des fichiers de conception de mat\u00e9riel, le lecteur en assume l&rsquo;enti\u00e8re responsabilit\u00e9, en toutes circonstances et pour toutes les cons\u00e9quences possibles. Aucune &hellip; <a href=\"https:\/\/avionicsduino.com\/index.php\/fr\/clause-de-non-responsabilite-et-droit-dauteur\/\" class=\"more-link\">Continuer la lecture<span class=\"screen-reader-text\"> de &laquo;&nbsp;Clause de non-responsabilit\u00e9 et droits d&rsquo;auteur.&nbsp;&raquo;<\/span><\/a><\/p>\n","protected":false},"author":1,"featured_media":0,"parent":0,"menu_order":0,"comment_status":"closed","ping_status":"closed","template":"","meta":{"om_disable_all_campaigns":false,"_monsterinsights_skip_tracking":false,"_monsterinsights_sitenote_active":false,"_monsterinsights_sitenote_note":"","_monsterinsights_sitenote_category":0,"footnotes":""},"class_list":["post-4761","page","type-page","status-publish","hentry"],"aioseo_notices":[],"_links":{"self":[{"href":"https:\/\/avionicsduino.com\/index.php\/wp-json\/wp\/v2\/pages\/4761","targetHints":{"allow":["GET"]}}],"collection":[{"href":"https:\/\/avionicsduino.com\/index.php\/wp-json\/wp\/v2\/pages"}],"about":[{"href":"https:\/\/avionicsduino.com\/index.php\/wp-json\/wp\/v2\/types\/page"}],"author":[{"embeddable":true,"href":"https:\/\/avionicsduino.com\/index.php\/wp-json\/wp\/v2\/users\/1"}],"replies":[{"embeddable":true,"href":"https:\/\/avionicsduino.com\/index.php\/wp-json\/wp\/v2\/comments?post=4761"}],"version-history":[{"count":11,"href":"https:\/\/avionicsduino.com\/index.php\/wp-json\/wp\/v2\/pages\/4761\/revisions"}],"predecessor-version":[{"id":4790,"href":"https:\/\/avionicsduino.com\/index.php\/wp-json\/wp\/v2\/pages\/4761\/revisions\/4790"}],"wp:attachment":[{"href":"https:\/\/avionicsduino.com\/index.php\/wp-json\/wp\/v2\/media?parent=4761"}],"curies":[{"name":"wp","href":"https:\/\/api.w.org\/{rel}","templated":true}]}}