{"id":477,"date":"2021-07-20T16:56:27","date_gmt":"2021-07-20T15:56:27","guid":{"rendered":"https:\/\/avionicsduino.com\/?p=477"},"modified":"2025-09-26T21:44:06","modified_gmt":"2025-09-26T20:44:06","slug":"le-capteur-de-pression-dhuile-rotax","status":"publish","type":"page","link":"https:\/\/avionicsduino.com\/index.php\/fr\/le-capteur-de-pression-dhuile-rotax\/","title":{"rendered":"Le capteur de pression d&rsquo;huile Rotax"},"content":{"rendered":"\n<p style=\"font-size:10px\">(Capteurs de pression d&rsquo;huile, page mise \u00e0 jour par Gabriel le 12\/10\/2022)<\/p>\n\n\n\n<p>Pour la r\u00e9alisation de l&rsquo;EMS, il a fallu caract\u00e9riser exp\u00e9rimentalement les capteurs de pression d&rsquo;huile r\u00e9sistifs de marque VDO (r\u00e9f\u00e9rences Rotax  956355 pour la premi\u00e8re g\u00e9n\u00e9ration, et 956357 pour la seconde g\u00e9n\u00e9ration) qui sont encore mont\u00e9s sur la plupart des moteurs Rotax 912x (fig. 1). Le fabricant ne fournit pas les courbes de r\u00e9sistance en fonction de la pression, il fallait donc les \u00e9tablir. Cet article ne concerne pas les capteurs \u00e9lectroniques de 3\u00e8me g\u00e9n\u00e9ration (Honeywell ref. 956413) et de 4\u00e8me g\u00e9n\u00e9ration (Keller 456180) qui sont mont\u00e9s sur les moteurs les plus r\u00e9cents.<\/p>\n\n\n<div class=\"wp-block-image\">\n<figure class=\"aligncenter size-large is-resized\"><img loading=\"lazy\" decoding=\"async\" src=\"https:\/\/avionicsduino.com\/wp-content\/uploads\/2022\/09\/CapteurPressionHuile-582x1024.jpg\" alt=\"\" class=\"wp-image-1902\" width=\"291\" height=\"512\" srcset=\"https:\/\/avionicsduino.com\/wp-content\/uploads\/2022\/09\/CapteurPressionHuile-582x1024.jpg 582w, https:\/\/avionicsduino.com\/wp-content\/uploads\/2022\/09\/CapteurPressionHuile-170x300.jpg 170w, https:\/\/avionicsduino.com\/wp-content\/uploads\/2022\/09\/CapteurPressionHuile-768x1352.jpg 768w, https:\/\/avionicsduino.com\/wp-content\/uploads\/2022\/09\/CapteurPressionHuile-873x1536.jpg 873w, https:\/\/avionicsduino.com\/wp-content\/uploads\/2022\/09\/CapteurPressionHuile.jpg 1122w\" sizes=\"auto, (max-width: 291px) 85vw, 291px\" \/><figcaption>Figure 1 : Capteur de pression d&rsquo;huile analogique VDO 0 \u00e0 10 bars (Rotax 1\u00e8re g\u00e9n\u00e9ration)<\/figcaption><\/figure>\n<\/div>\n\n\n<p>En attendant un article plus complet d\u00e9taillant la m\u00e9thodologie, voici les courbes de r\u00e9sistance obtenues pour trois capteurs de 1\u00e8re ou de 2\u00e8me g\u00e9n\u00e9ration, l&rsquo;un ayant \u00e9t\u00e9 utilis\u00e9 pendant environ 800 heures (courbe en gris), les deux autres \u00e9taient neufs (courbes rouge et bleue). Le tableur Excel permet d&rsquo;obtenir l&rsquo;\u00e9quation de la courbe de tendance utilis\u00e9e dans le logiciel de <a href=\"https:\/\/avionicsduino.com\/index.php\/fr\/ems-engine-monitoring-system\/\" title=\"Page EMS\">l&rsquo;EMS<\/a>.<\/p>\n\n\n\n<figure class=\"wp-block-image size-large is-resized\"><img loading=\"lazy\" decoding=\"async\" src=\"https:\/\/avionicsduino.com\/wp-content\/uploads\/2022\/09\/CourbesCapteursPressionHuile-1024x585.jpg\" alt=\"\" class=\"wp-image-1903\" width=\"1024\" height=\"585\" srcset=\"https:\/\/avionicsduino.com\/wp-content\/uploads\/2022\/09\/CourbesCapteursPressionHuile-1024x585.jpg 1024w, https:\/\/avionicsduino.com\/wp-content\/uploads\/2022\/09\/CourbesCapteursPressionHuile-300x171.jpg 300w, https:\/\/avionicsduino.com\/wp-content\/uploads\/2022\/09\/CourbesCapteursPressionHuile-768x439.jpg 768w, https:\/\/avionicsduino.com\/wp-content\/uploads\/2022\/09\/CourbesCapteursPressionHuile-1536x877.jpg 1536w, https:\/\/avionicsduino.com\/wp-content\/uploads\/2022\/09\/CourbesCapteursPressionHuile-1200x685.jpg 1200w, https:\/\/avionicsduino.com\/wp-content\/uploads\/2022\/09\/CourbesCapteursPressionHuile.jpg 1602w\" sizes=\"auto, (max-width: 709px) 85vw, (max-width: 909px) 67vw, (max-width: 1362px) 62vw, 840px\" \/><\/figure>\n","protected":false},"excerpt":{"rendered":"<p>(Capteurs de pression d&rsquo;huile, page mise \u00e0 jour par Gabriel le 12\/10\/2022) Pour la r\u00e9alisation de l&rsquo;EMS, il a fallu caract\u00e9riser exp\u00e9rimentalement les capteurs de pression d&rsquo;huile r\u00e9sistifs de marque VDO (r\u00e9f\u00e9rences Rotax 956355 pour la premi\u00e8re g\u00e9n\u00e9ration, et 956357 pour la seconde g\u00e9n\u00e9ration) qui sont encore mont\u00e9s sur la plupart des moteurs Rotax 912x &hellip; <a href=\"https:\/\/avionicsduino.com\/index.php\/fr\/le-capteur-de-pression-dhuile-rotax\/\" class=\"more-link\">Continuer la lecture<span class=\"screen-reader-text\"> de &laquo;&nbsp;Le capteur de pression d&rsquo;huile Rotax&nbsp;&raquo;<\/span><\/a><\/p>\n","protected":false},"author":1,"featured_media":0,"parent":0,"menu_order":0,"comment_status":"open","ping_status":"open","template":"","meta":{"om_disable_all_campaigns":false,"_monsterinsights_skip_tracking":false,"_monsterinsights_sitenote_active":false,"_monsterinsights_sitenote_note":"","_monsterinsights_sitenote_category":0,"footnotes":""},"class_list":["post-477","page","type-page","status-publish","hentry"],"aioseo_notices":[],"_links":{"self":[{"href":"https:\/\/avionicsduino.com\/index.php\/wp-json\/wp\/v2\/pages\/477","targetHints":{"allow":["GET"]}}],"collection":[{"href":"https:\/\/avionicsduino.com\/index.php\/wp-json\/wp\/v2\/pages"}],"about":[{"href":"https:\/\/avionicsduino.com\/index.php\/wp-json\/wp\/v2\/types\/page"}],"author":[{"embeddable":true,"href":"https:\/\/avionicsduino.com\/index.php\/wp-json\/wp\/v2\/users\/1"}],"replies":[{"embeddable":true,"href":"https:\/\/avionicsduino.com\/index.php\/wp-json\/wp\/v2\/comments?post=477"}],"version-history":[{"count":8,"href":"https:\/\/avionicsduino.com\/index.php\/wp-json\/wp\/v2\/pages\/477\/revisions"}],"predecessor-version":[{"id":2162,"href":"https:\/\/avionicsduino.com\/index.php\/wp-json\/wp\/v2\/pages\/477\/revisions\/2162"}],"wp:attachment":[{"href":"https:\/\/avionicsduino.com\/index.php\/wp-json\/wp\/v2\/media?parent=477"}],"curies":[{"name":"wp","href":"https:\/\/api.w.org\/{rel}","templated":true}]}}